{"id":27,"date":"2023-12-26T09:40:10","date_gmt":"2023-12-26T08:40:10","guid":{"rendered":"https:\/\/huras02.hura.loc\/wordpress\/?page_id=27"},"modified":"2026-02-20T22:51:18","modified_gmt":"2026-02-20T21:51:18","slug":"startseite","status":"publish","type":"page","link":"https:\/\/www.hura.ch\/","title":{"rendered":"Willkommen"},"content":{"rendered":"\n<p>Die Seite ist noch im Aufbau. <\/p>\n\n\n\n<p>Kommen Sie doch sp\u00e4ter nochmals vorbei.<\/p>\n\n\n\n<p>Viele Dank f\u00fcr das Verst\u00e4ndnis.<\/p>\n\n\n\n<p><\/p>\n","protected":false},"excerpt":{"rendered":"<p>Die Seite ist noch im Aufbau. Kommen Sie doch sp\u00e4ter nochmals vorbei. Viele Dank f\u00fcr das Verst\u00e4ndnis.<\/p>\n","protected":false},"author":2,"featured_media":48,"parent":0,"menu_order":0,"comment_status":"closed","ping_status":"closed","template":"","meta":{"footnotes":""},"class_list":["post-27","page","type-page","status-publish","has-post-thumbnail","hentry"],"_links":{"self":[{"href":"https:\/\/www.hura.ch\/index.php?rest_route=\/wp\/v2\/pages\/27","targetHints":{"allow":["GET"]}}],"collection":[{"href":"https:\/\/www.hura.ch\/index.php?rest_route=\/wp\/v2\/pages"}],"about":[{"href":"https:\/\/www.hura.ch\/index.php?rest_route=\/wp\/v2\/types\/page"}],"author":[{"embeddable":true,"href":"https:\/\/www.hura.ch\/index.php?rest_route=\/wp\/v2\/users\/2"}],"replies":[{"embeddable":true,"href":"https:\/\/www.hura.ch\/index.php?rest_route=%2Fwp%2Fv2%2Fcomments&post=27"}],"version-history":[{"count":3,"href":"https:\/\/www.hura.ch\/index.php?rest_route=\/wp\/v2\/pages\/27\/revisions"}],"predecessor-version":[{"id":95,"href":"https:\/\/www.hura.ch\/index.php?rest_route=\/wp\/v2\/pages\/27\/revisions\/95"}],"wp:featuredmedia":[{"embeddable":true,"href":"https:\/\/www.hura.ch\/index.php?rest_route=\/wp\/v2\/media\/48"}],"wp:attachment":[{"href":"https:\/\/www.hura.ch\/index.php?rest_route=%2Fwp%2Fv2%2Fmedia&parent=27"}],"curies":[{"name":"wp","href":"https:\/\/api.w.org\/{rel}","templated":true}]}}